{"id":413,"date":"2023-02-26T15:57:49","date_gmt":"2023-02-26T14:57:49","guid":{"rendered":"https:\/\/www.kindlingskogar.com\/faq\/"},"modified":"2025-09-26T16:53:52","modified_gmt":"2025-09-26T14:53:52","slug":"faq","status":"publish","type":"page","link":"https:\/\/www.kindlingskogar.com\/nl\/faq","title":{"rendered":"FAQ"},"content":{"rendered":"\t\t<div data-elementor-type=\"wp-page\" data-elementor-id=\"413\" class=\"elementor elementor-413 elementor-95\" data-elementor-post-type=\"page\">\n\t\t\t\t\t\t<section class=\"elementor-section elementor-top-section elementor-element elementor-element-bc7e05c elementor-section-boxed elementor-section-height-default elementor-section-height-default\" data-id=\"bc7e05c\" data-element_type=\"section\">\n\t\t\t\t\t\t<div class=\"elementor-container elementor-column-gap-default\">\n\t\t\t\t\t<div class=\"elementor-column elementor-col-100 elementor-top-column elementor-element elementor-element-c744dec\" data-id=\"c744dec\" data-element_type=\"column\">\n\t\t\t<div class=\"elementor-widget-wrap elementor-element-populated\">\n\t\t\t\t\t\t<div class=\"elementor-element elementor-element-a3c5834 elementor-widget elementor-widget-heading\" data-id=\"a3c5834\" data-element_type=\"widget\" data-widget_type=\"heading.default\">\n\t\t\t\t<div class=\"elementor-widget-container\">\n\t\t\t\t\t<h2 class=\"elementor-heading-title elementor-size-default\">Questions fr\u00e9quentes<\/h2>\t\t\t\t<\/div>\n\t\t\t\t<\/div>\n\t\t\t\t<div class=\"elementor-element elementor-element-e3d0c69 elementor-widget elementor-widget-heading\" data-id=\"e3d0c69\" data-element_type=\"widget\" data-widget_type=\"heading.default\">\n\t\t\t\t<div class=\"elementor-widget-container\">\n\t\t\t\t\t<h3 class=\"elementor-heading-title elementor-size-default\">Qui peut participer \u00e0 ce concours ?<\/h3>\t\t\t\t<\/div>\n\t\t\t\t<\/div>\n\t\t\t\t<div class=\"elementor-element elementor-element-8810dea elementor-widget elementor-widget-text-editor\" data-id=\"8810dea\" data-element_type=\"widget\" data-widget_type=\"text-editor.default\">\n\t\t\t\t<div class=\"elementor-widget-container\">\n\t\t\t\t\t\t\t\t\t<p>L\u2019inscription est ouverte \u00e0 toutes les personnes physiques majeures domicili\u00e9es en Belgique. L\u2019inscription est personnelle et ne peut en aucun cas \u00eatre c\u00e9d\u00e9e \u00e0 des tiers.<\/p>\t\t\t\t\t\t\t\t<\/div>\n\t\t\t\t<\/div>\n\t\t\t\t<div class=\"elementor-element elementor-element-961dff2 elementor-widget elementor-widget-heading\" data-id=\"961dff2\" data-element_type=\"widget\" data-widget_type=\"heading.default\">\n\t\t\t\t<div class=\"elementor-widget-container\">\n\t\t\t\t\t<h3 class=\"elementor-heading-title elementor-size-default\">Que puis-je gagner au concours ?<\/h3>\t\t\t\t<\/div>\n\t\t\t\t<\/div>\n\t\t\t\t<div class=\"elementor-element elementor-element-4dba89d elementor-widget elementor-widget-text-editor\" data-id=\"4dba89d\" data-element_type=\"widget\" data-widget_type=\"text-editor.default\">\n\t\t\t\t<div class=\"elementor-widget-container\">\n\t\t\t\t\t\t\t\t\t<p>Une palette de pellets \u201cProxima Star devient Kindling Skogar\u201d, soit 66 sacs de 15kg de pellets. Le pellet est certifi\u00e9 ENplus A1 BE316, garanti propre et sans poussi\u00e8re, sans agents liants ni additifs chimiques.<\/p>\t\t\t\t\t\t\t\t<\/div>\n\t\t\t\t<\/div>\n\t\t\t\t<div class=\"elementor-element elementor-element-b07576f elementor-widget elementor-widget-heading\" data-id=\"b07576f\" data-element_type=\"widget\" data-widget_type=\"heading.default\">\n\t\t\t\t<div class=\"elementor-widget-container\">\n\t\t\t\t\t<h3 class=\"elementor-heading-title elementor-size-default\">Ce pellet est-il compatible avec tous les types de po\u00eales \u00e0 pellets ?<\/h3>\t\t\t\t<\/div>\n\t\t\t\t<\/div>\n\t\t\t\t<div class=\"elementor-element elementor-element-f386c10 elementor-widget elementor-widget-text-editor\" data-id=\"f386c10\" data-element_type=\"widget\" data-widget_type=\"text-editor.default\">\n\t\t\t\t<div class=\"elementor-widget-container\">\n\t\t\t\t\t\t\t\t\t<p>Oui, bien \u00e9videmment. Les pellets sont \u00e0 utiliser uniquement avec des syst\u00e8mes de combustion appropri\u00e9s, selon les instructions du fabricant et les r\u00e9glementations l\u00e9gales. Nous certifions que ces granul\u00e9s de bois sont conformes aux conditions d\u00e9finies dans l&#8217;arr\u00eat\u00e9 royal du 5 avril 2011 d\u00e9terminant les exigences auxquelles doivent r\u00e9pondre les pellets de bois pr\u00e9vus pour alimenter des appareils de chauffage non industriels.<\/p>\t\t\t\t\t\t\t\t<\/div>\n\t\t\t\t<\/div>\n\t\t\t\t<div class=\"elementor-element elementor-element-05bc992 elementor-widget elementor-widget-heading\" data-id=\"05bc992\" data-element_type=\"widget\" data-widget_type=\"heading.default\">\n\t\t\t\t<div class=\"elementor-widget-container\">\n\t\t\t\t\t<h3 class=\"elementor-heading-title elementor-size-default\">\u00c0 la fin de l\u2019action, comment r\u00e9cup\u00e9rer mon lot gagn\u00e9 au concours ?\n<\/h3>\t\t\t\t<\/div>\n\t\t\t\t<\/div>\n\t\t\t\t<div class=\"elementor-element elementor-element-695f11f elementor-widget elementor-widget-text-editor\" data-id=\"695f11f\" data-element_type=\"widget\" data-widget_type=\"text-editor.default\">\n\t\t\t\t<div class=\"elementor-widget-container\">\n\t\t\t\t\t\t\t\t\t<p>Le gagnant sera pr\u00e9venu par e-mail. Le vainqueur devra prendre contact avec la Soci\u00e9t\u00e9 Organisatrice dans les 14 jours pour percevoir son lot \u00e0 l\u2019adresse support@palette-pellets.com. Le gagnant peut pr\u00e9ciser ses modalit\u00e9s de livraisons. Les modalit\u00e9s de livraison sont disponibles sur www.palette-pellets.be\/livraison-pellets.<\/p>\t\t\t\t\t\t\t\t<\/div>\n\t\t\t\t<\/div>\n\t\t\t\t<div class=\"elementor-element elementor-element-2998e0a elementor-widget elementor-widget-heading\" data-id=\"2998e0a\" data-element_type=\"widget\" data-widget_type=\"heading.default\">\n\t\t\t\t<div class=\"elementor-widget-container\">\n\t\t\t\t\t<h3 class=\"elementor-heading-title elementor-size-default\">Une livraison express est-elle possible ?\n<\/h3>\t\t\t\t<\/div>\n\t\t\t\t<\/div>\n\t\t\t\t<div class=\"elementor-element elementor-element-0374ee3 elementor-widget elementor-widget-text-editor\" data-id=\"0374ee3\" data-element_type=\"widget\" data-widget_type=\"text-editor.default\">\n\t\t\t\t<div class=\"elementor-widget-container\">\n\t\t\t\t\t\t\t\t\t<p>Oui, une livraison express est possible! Les livraisons express se font en 48h, soit en 2 jours ouvr\u00e9s, du lundi au vendredi (hors jours f\u00e9ri\u00e9s).<\/p>\t\t\t\t\t\t\t\t<\/div>\n\t\t\t\t<\/div>\n\t\t\t\t<div class=\"elementor-element elementor-element-c493e52 elementor-widget elementor-widget-heading\" data-id=\"c493e52\" data-element_type=\"widget\" data-widget_type=\"heading.default\">\n\t\t\t\t<div class=\"elementor-widget-container\">\n\t\t\t\t\t<h3 class=\"elementor-heading-title elementor-size-default\">O\u00f9 peut-on commander des pellets? <\/h3>\t\t\t\t<\/div>\n\t\t\t\t<\/div>\n\t\t\t\t<div class=\"elementor-element elementor-element-30ec300 elementor-widget elementor-widget-text-editor\" data-id=\"30ec300\" data-element_type=\"widget\" data-widget_type=\"text-editor.default\">\n\t\t\t\t<div class=\"elementor-widget-container\">\n\t\t\t\t\t\t\t\t\t<p>Retrouvez tous nos produits et toutes nos promotions en exclusivit\u00e9 sur <a href=\"https:\/\/www.palette-pellets.be\" target=\"_blank\" rel=\"nofollow noopener\">www.palette-pellets.be<\/a><\/p>\t\t\t\t\t\t\t\t<\/div>\n\t\t\t\t<\/div>\n\t\t\t\t<div class=\"elementor-element elementor-element-66b031f elementor-align-center elementor-widget elementor-widget-button\" data-id=\"66b031f\" data-element_type=\"widget\" data-widget_type=\"button.default\">\n\t\t\t\t<div class=\"elementor-widget-container\">\n\t\t\t\t\t\t\t\t\t<div class=\"elementor-button-wrapper\">\n\t\t\t\t\t<a class=\"elementor-button elementor-button-link elementor-size-xl\" href=\"\/jeux-concours\">\n\t\t\t\t\t\t<span class=\"elementor-button-content-wrapper\">\n\t\t\t\t\t\t\t\t\t<span class=\"elementor-button-text\">Je participe au concours<\/span>\n\t\t\t\t\t<\/span>\n\t\t\t\t\t<\/a>\n\t\t\t\t<\/div>\n\t\t\t\t\t\t\t\t<\/div>\n\t\t\t\t<\/div>\n\t\t\t\t\t<\/div>\n\t\t<\/div>\n\t\t\t\t\t<\/div>\n\t\t<\/section>\n\t\t\t\t<\/div>\n\t\t","protected":false},"excerpt":{"rendered":"<p>Questions fr\u00e9quentes Qui peut participer \u00e0 ce concours ? L\u2019inscription est ouverte \u00e0 toutes les personnes physiques majeures domicili\u00e9es en Belgique. L\u2019inscription est personnelle et ne peut en aucun cas \u00eatre c\u00e9d\u00e9e \u00e0 des tiers. Que puis-je gagner au concours ? Une palette de pellets \u201cProxima Star devient Kindling Skogar\u201d, soit 66 sacs de 15kg&hellip; <a class=\"more-link\" href=\"https:\/\/www.kindlingskogar.com\/nl\/faq\">Lees verder <span class=\"screen-reader-text\">FAQ<\/span><\/a><\/p>\n","protected":false},"author":1,"featured_media":0,"parent":0,"menu_order":0,"comment_status":"closed","ping_status":"closed","template":"elementor_header_footer","meta":{"footnotes":""},"class_list":["post-413","page","type-page","status-publish","hentry","entry"],"_links":{"self":[{"href":"https:\/\/www.kindlingskogar.com\/nl\/wp-json\/wp\/v2\/pages\/413","targetHints":{"allow":["GET"]}}],"collection":[{"href":"https:\/\/www.kindlingskogar.com\/nl\/wp-json\/wp\/v2\/pages"}],"about":[{"href":"https:\/\/www.kindlingskogar.com\/nl\/wp-json\/wp\/v2\/types\/page"}],"author":[{"embeddable":true,"href":"https:\/\/www.kindlingskogar.com\/nl\/wp-json\/wp\/v2\/users\/1"}],"replies":[{"embeddable":true,"href":"https:\/\/www.kindlingskogar.com\/nl\/wp-json\/wp\/v2\/comments?post=413"}],"version-history":[{"count":6,"href":"https:\/\/www.kindlingskogar.com\/nl\/wp-json\/wp\/v2\/pages\/413\/revisions"}],"predecessor-version":[{"id":521,"href":"https:\/\/www.kindlingskogar.com\/nl\/wp-json\/wp\/v2\/pages\/413\/revisions\/521"}],"wp:attachment":[{"href":"https:\/\/www.kindlingskogar.com\/nl\/wp-json\/wp\/v2\/media?parent=413"}],"curies":[{"name":"wp","href":"https:\/\/api.w.org\/{rel}","templated":true}]}}